{"id":16797,"date":"2023-01-25T18:44:15","date_gmt":"2023-01-25T18:44:15","guid":{"rendered":"https:\/\/www.fami2030.gov.pt\/accessibility-policy\/"},"modified":"2025-08-01T11:39:22","modified_gmt":"2025-08-01T11:39:22","slug":"accessibility-policy","status":"publish","type":"page","link":"https:\/\/www.fami2030.gov.pt\/en\/accessibility-policy\/","title":{"rendered":"Accessibility Policy"},"content":{"rendered":"<p>[et_pb_section fb_built=&#8221;1&#8243; admin_label=&#8221;Header&#8221; module_class=&#8221;about-page&#8221; _builder_version=&#8221;4.19.4&#8243; _module_preset=&#8221;default&#8221; locked=&#8221;off&#8221; collapsed=&#8221;off&#8221; global_colors_info=&#8221;{}&#8221;][et_pb_row _builder_version=&#8221;4.19.4&#8243; _module_preset=&#8221;default&#8221; collapsed=&#8221;on&#8221; global_colors_info=&#8221;{}&#8221;][et_pb_column type=&#8221;4_4&#8243; _builder_version=&#8221;4.19.2&#8243; _module_preset=&#8221;default&#8221; global_colors_info=&#8221;{}&#8221;][et_pb_post_title meta=&#8221;off&#8221; featured_image=&#8221;off&#8221; _builder_version=&#8221;4.19.4&#8243; _module_preset=&#8221;default&#8221; global_colors_info=&#8221;{}&#8221;][\/et_pb_post_title][\/et_pb_column][\/et_pb_row][et_pb_row column_structure=&#8221;2_3,1_3&#8243; use_custom_gutter=&#8221;on&#8221; gutter_width=&#8221;2&#8243; make_equal=&#8221;on&#8221; _builder_version=&#8221;4.19.4&#8243; _module_preset=&#8221;default&#8221; locked=&#8221;off&#8221; collapsed=&#8221;off&#8221; global_colors_info=&#8221;{}&#8221;][et_pb_column type=&#8221;2_3&#8243; _builder_version=&#8221;4.19.4&#8243; _module_preset=&#8221;default&#8221; global_colors_info=&#8221;{}&#8221;][et_pb_text admin_label=&#8221;Texto&#8221; _builder_version=&#8221;4.27.4&#8243; _module_preset=&#8221;default&#8221; hover_enabled=&#8221;0&#8243; global_colors_info=&#8221;{}&#8221; sticky_enabled=&#8221;0&#8243;]<\/p>\n<p style=\"font-weight: 400;\">In order to make the AMIF 2030 Programme information accessible to as many people as possible, the Programme has adopted the Web Content Accessibility Guidelines (WCAG) 2.0. Thus, the AMIF 2030 Programme website complies with the WCAG 2.0 accessibility recommendations, reaching level &#8220;AA&#8221;, as can be verified using one of the accessibility validators recommended by the World Wide Web Consortium (W3C).<\/p>\n<p style=\"font-weight: 400;\">Given the dynamic nature of the website, it may occasionally happen that the &#8220;AA&#8221; accessibility level achieved when the website was launched is compromised by content that has been inserted in the meantime. The AMIF 2030 Programme is committed to establishing a continuous effort to monitor accessibility and compliance with the &#8220;AA&#8221; level, in order to minimize these occurrences.<\/p>\n<p>[\/et_pb_text][et_pb_text admin_label=&#8221;Legisla\u00e7\u00e3o sobre acessibilidade&#8221; module_class=&#8221;bg-gray p-2 br-6&#8243; _builder_version=&#8221;4.20.4&#8243; _module_preset=&#8221;default&#8221; hover_enabled=&#8221;0&#8243; global_colors_info=&#8221;{}&#8221; sticky_enabled=&#8221;0&#8243;]<\/p>\n<p><strong>Accessibility legislation<\/strong><\/p>\n<p><a href=\"https:\/\/dre.pt\/application\/dir\/pdf1sdip\/2012\/11\/21600\/0646006465.pdf\" target=\"_blank\" rel=\"noopener\">Council of Ministers Resolution no. 91\/2012<\/a><br \/><a href=\"https:\/\/dre.pt\/application\/dir\/pdf1sdip\/2007\/10\/19000\/0705807058.pdf\" target=\"_blank\" rel=\"noopener\">Council of Ministers Resolution no. 155\/2007<\/a><br \/><a href=\"https:\/\/dre.pt\/application\/dir\/pdfgratis\/1999\/08\/199B00.pdf\" target=\"_blank\" rel=\"noopener\">Council of Ministers Resolution no. 97\/99<\/a><\/p>\n<p>[\/et_pb_text][et_pb_text admin_label=&#8221;Enquadramento sobre a acessibilidade&#8221; module_class=&#8221;bg-gray p-2 br-6&#8243; _builder_version=&#8221;4.20.4&#8243; _module_preset=&#8221;default&#8221; hover_enabled=&#8221;0&#8243; global_colors_info=&#8221;{}&#8221; sticky_enabled=&#8221;0&#8243;]<\/p>\n<p><strong>Framework on accessibility<\/strong><\/p>\n<p><a href=\"http:\/\/www.acessibilidade.gov.pt\/\" target=\"_blank\" rel=\"noopener\">UMIC&#8217;s ACCESS Program<\/a><br \/><a href=\"http:\/\/www.utad.pt\/wai\/wai-pageauth.html\" target=\"_blank\" rel=\"noopener\">W3C Web Content Accessibility Guidelines 1.0<\/a><br \/><a href=\"https:\/\/www.w3.org\/WAI\/\" target=\"_blank\" rel=\"noopener\">W3C Web Accessibility Initiative<\/a><\/p>\n<p>[\/et_pb_text][\/et_pb_column][et_pb_column type=&#8221;1_3&#8243; _builder_version=&#8221;4.19.4&#8243; _module_preset=&#8221;default&#8221; global_colors_info=&#8221;{}&#8221;][\/et_pb_column][\/et_pb_row][\/et_pb_section]<\/p>\n","protected":false},"excerpt":{"rendered":"<p>In order to make the AMIF 2030 Programme information accessible to as many people as possible, the Programme has adopted the Web Content Accessibility Guidelines (WCAG) 2.0. Thus, the AMIF 2030 Programme website complies with the WCAG 2.0 accessibility recommendations, reaching level &#8220;AA&#8221;, as can be verified using one of the accessibility validators recommended by [&hellip;]<\/p>\n","protected":false},"author":1,"featured_media":0,"parent":0,"menu_order":0,"comment_status":"closed","ping_status":"closed","template":"","meta":{"_acf_changed":false,"_et_pb_use_builder":"on","_et_pb_old_content":"","_et_gb_content_width":"","_crosspost_to_3":false,"_crosspost_to_10":false,"_crosspost_to_13":false,"_crosspost_to_14":false,"_crosspost_to_15":false,"_crosspost_to_16":false,"_crosspost_to_17":false,"_crosspost_to_18":false,"_crosspost_to_19":false,"iawp_total_views":12,"footnotes":""},"class_list":["post-16797","page","type-page","status-publish","hentry"],"acf":[],"yoast_head":"<!-- This site is optimized with the Yoast SEO plugin v27.0 - https:\/\/yoast.com\/product\/yoast-seo-wordpress\/ -->\n<title>Accessibility Policy - Programa FAMI \u2013 Fundo para o Asilo, a Migra\u00e7\u00e3o e a Integra\u00e7\u00e3o<\/title>\n<meta name=\"robots\" content=\"index, follow, max-snippet:-1, max-image-preview:large, max-video-preview:-1\" \/>\n<link rel=\"canonical\" href=\"https:\/\/www.fami2030.gov.pt\/en\/accessibility-policy\/\" \/>\n<meta property=\"og:locale\" content=\"en_US\" \/>\n<meta property=\"og:type\" content=\"article\" \/>\n<meta property=\"og:title\" content=\"Accessibility Policy - Programa FAMI \u2013 Fundo para o Asilo, a Migra\u00e7\u00e3o e a Integra\u00e7\u00e3o\" \/>\n<meta property=\"og:description\" content=\"In order to make the AMIF 2030 Programme information accessible to as many people as possible, the Programme has adopted the Web Content Accessibility Guidelines (WCAG) 2.0. Thus, the AMIF 2030 Programme website complies with the WCAG 2.0 accessibility recommendations, reaching level &quot;AA&quot;, as can be verified using one of the accessibility validators recommended by [&hellip;]\" \/>\n<meta property=\"og:url\" content=\"https:\/\/www.fami2030.gov.pt\/en\/accessibility-policy\/\" \/>\n<meta property=\"og:site_name\" content=\"Programa FAMI \u2013 Fundo para o Asilo, a Migra\u00e7\u00e3o e a Integra\u00e7\u00e3o\" \/>\n<meta property=\"article:modified_time\" content=\"2025-08-01T11:39:22+00:00\" \/>\n<meta name=\"twitter:card\" content=\"summary_large_image\" \/>\n<meta name=\"twitter:label1\" content=\"Est. reading time\" \/>\n\t<meta name=\"twitter:data1\" content=\"1 minute\" \/>\n<script type=\"application\/ld+json\" class=\"yoast-schema-graph\">{\"@context\":\"https:\/\/schema.org\",\"@graph\":[{\"@type\":\"WebPage\",\"@id\":\"https:\/\/www.fami2030.gov.pt\/en\/accessibility-policy\/\",\"url\":\"https:\/\/www.fami2030.gov.pt\/en\/accessibility-policy\/\",\"name\":\"Accessibility Policy - Programa FAMI \u2013 Fundo para o Asilo, a Migra\u00e7\u00e3o e a Integra\u00e7\u00e3o\",\"isPartOf\":{\"@id\":\"https:\/\/www.fami2030.gov.pt\/#website\"},\"datePublished\":\"2023-01-25T18:44:15+00:00\",\"dateModified\":\"2025-08-01T11:39:22+00:00\",\"breadcrumb\":{\"@id\":\"https:\/\/www.fami2030.gov.pt\/en\/accessibility-policy\/#breadcrumb\"},\"inLanguage\":\"en-US\",\"potentialAction\":[{\"@type\":\"ReadAction\",\"target\":[\"https:\/\/www.fami2030.gov.pt\/en\/accessibility-policy\/\"]}]},{\"@type\":\"BreadcrumbList\",\"@id\":\"https:\/\/www.fami2030.gov.pt\/en\/accessibility-policy\/#breadcrumb\",\"itemListElement\":[{\"@type\":\"ListItem\",\"position\":1,\"name\":\"In\u00edcio\",\"item\":\"https:\/\/www.fami2030.gov.pt\/en\/\"},{\"@type\":\"ListItem\",\"position\":2,\"name\":\"Accessibility Policy\"}]},{\"@type\":\"WebSite\",\"@id\":\"https:\/\/www.fami2030.gov.pt\/#website\",\"url\":\"https:\/\/www.fami2030.gov.pt\/\",\"name\":\"Programa FAMI \u2013 Fundo para o Asilo, a Migra\u00e7\u00e3o e a Integra\u00e7\u00e3o\",\"description\":\"\",\"potentialAction\":[{\"@type\":\"SearchAction\",\"target\":{\"@type\":\"EntryPoint\",\"urlTemplate\":\"https:\/\/www.fami2030.gov.pt\/?s={search_term_string}\"},\"query-input\":{\"@type\":\"PropertyValueSpecification\",\"valueRequired\":true,\"valueName\":\"search_term_string\"}}],\"inLanguage\":\"en-US\"}]}<\/script>\n<!-- \/ Yoast SEO plugin. -->","yoast_head_json":{"title":"Accessibility Policy - Programa FAMI \u2013 Fundo para o Asilo, a Migra\u00e7\u00e3o e a Integra\u00e7\u00e3o","robots":{"index":"index","follow":"follow","max-snippet":"max-snippet:-1","max-image-preview":"max-image-preview:large","max-video-preview":"max-video-preview:-1"},"canonical":"https:\/\/www.fami2030.gov.pt\/en\/accessibility-policy\/","og_locale":"en_US","og_type":"article","og_title":"Accessibility Policy - Programa FAMI \u2013 Fundo para o Asilo, a Migra\u00e7\u00e3o e a Integra\u00e7\u00e3o","og_description":"In order to make the AMIF 2030 Programme information accessible to as many people as possible, the Programme has adopted the Web Content Accessibility Guidelines (WCAG) 2.0. Thus, the AMIF 2030 Programme website complies with the WCAG 2.0 accessibility recommendations, reaching level \"AA\", as can be verified using one of the accessibility validators recommended by [&hellip;]","og_url":"https:\/\/www.fami2030.gov.pt\/en\/accessibility-policy\/","og_site_name":"Programa FAMI \u2013 Fundo para o Asilo, a Migra\u00e7\u00e3o e a Integra\u00e7\u00e3o","article_modified_time":"2025-08-01T11:39:22+00:00","twitter_card":"summary_large_image","twitter_misc":{"Est. reading time":"1 minute"},"schema":{"@context":"https:\/\/schema.org","@graph":[{"@type":"WebPage","@id":"https:\/\/www.fami2030.gov.pt\/en\/accessibility-policy\/","url":"https:\/\/www.fami2030.gov.pt\/en\/accessibility-policy\/","name":"Accessibility Policy - Programa FAMI \u2013 Fundo para o Asilo, a Migra\u00e7\u00e3o e a Integra\u00e7\u00e3o","isPartOf":{"@id":"https:\/\/www.fami2030.gov.pt\/#website"},"datePublished":"2023-01-25T18:44:15+00:00","dateModified":"2025-08-01T11:39:22+00:00","breadcrumb":{"@id":"https:\/\/www.fami2030.gov.pt\/en\/accessibility-policy\/#breadcrumb"},"inLanguage":"en-US","potentialAction":[{"@type":"ReadAction","target":["https:\/\/www.fami2030.gov.pt\/en\/accessibility-policy\/"]}]},{"@type":"BreadcrumbList","@id":"https:\/\/www.fami2030.gov.pt\/en\/accessibility-policy\/#breadcrumb","itemListElement":[{"@type":"ListItem","position":1,"name":"In\u00edcio","item":"https:\/\/www.fami2030.gov.pt\/en\/"},{"@type":"ListItem","position":2,"name":"Accessibility Policy"}]},{"@type":"WebSite","@id":"https:\/\/www.fami2030.gov.pt\/#website","url":"https:\/\/www.fami2030.gov.pt\/","name":"Programa FAMI \u2013 Fundo para o Asilo, a Migra\u00e7\u00e3o e a Integra\u00e7\u00e3o","description":"","potentialAction":[{"@type":"SearchAction","target":{"@type":"EntryPoint","urlTemplate":"https:\/\/www.fami2030.gov.pt\/?s={search_term_string}"},"query-input":{"@type":"PropertyValueSpecification","valueRequired":true,"valueName":"search_term_string"}}],"inLanguage":"en-US"}]}},"_links":{"self":[{"href":"https:\/\/www.fami2030.gov.pt\/en\/wp-json\/wp\/v2\/pages\/16797","targetHints":{"allow":["GET"]}}],"collection":[{"href":"https:\/\/www.fami2030.gov.pt\/en\/wp-json\/wp\/v2\/pages"}],"about":[{"href":"https:\/\/www.fami2030.gov.pt\/en\/wp-json\/wp\/v2\/types\/page"}],"author":[{"embeddable":true,"href":"https:\/\/www.fami2030.gov.pt\/en\/wp-json\/wp\/v2\/users\/1"}],"replies":[{"embeddable":true,"href":"https:\/\/www.fami2030.gov.pt\/en\/wp-json\/wp\/v2\/comments?post=16797"}],"version-history":[{"count":6,"href":"https:\/\/www.fami2030.gov.pt\/en\/wp-json\/wp\/v2\/pages\/16797\/revisions"}],"predecessor-version":[{"id":18103,"href":"https:\/\/www.fami2030.gov.pt\/en\/wp-json\/wp\/v2\/pages\/16797\/revisions\/18103"}],"wp:attachment":[{"href":"https:\/\/www.fami2030.gov.pt\/en\/wp-json\/wp\/v2\/media?parent=16797"}],"curies":[{"name":"wp","href":"https:\/\/api.w.org\/{rel}","templated":true}]}}