{"id":17997,"date":"2023-02-07T13:06:22","date_gmt":"2023-02-07T12:06:22","guid":{"rendered":"https:\/\/www.fami2030.gov.pt\/results-of-the-news-search\/"},"modified":"2023-02-07T13:06:22","modified_gmt":"2023-02-07T13:06:22","slug":"results-of-the-news-search","status":"publish","type":"page","link":"https:\/\/www.fami2030.gov.pt\/en\/results-of-the-news-search\/","title":{"rendered":"Results of the news search"},"content":{"rendered":"","protected":false},"excerpt":{"rendered":"","protected":false},"author":1,"featured_media":0,"parent":0,"menu_order":0,"comment_status":"closed","ping_status":"closed","template":"","meta":{"_acf_changed":false,"_et_pb_use_builder":"on","_et_pb_old_content":"","_et_gb_content_width":"","_crosspost_to_3":false,"_crosspost_to_10":false,"_crosspost_to_13":false,"_crosspost_to_14":false,"_crosspost_to_15":false,"_crosspost_to_16":false,"_crosspost_to_17":false,"_crosspost_to_18":false,"_crosspost_to_19":false,"iawp_total_views":5,"footnotes":""},"class_list":["post-17997","page","type-page","status-publish","hentry"],"acf":[],"yoast_head":"<!-- This site is optimized with the Yoast SEO plugin v27.4 - https:\/\/yoast.com\/product\/yoast-seo-wordpress\/ -->\n<title>Results of the news search - Programa FAMI \u2013 Fundo para o Asilo, a Migra\u00e7\u00e3o e a Integra\u00e7\u00e3o<\/title>\n<meta name=\"robots\" content=\"index, follow, max-snippet:-1, max-image-preview:large, max-video-preview:-1\" \/>\n<link rel=\"canonical\" href=\"https:\/\/www.fami2030.gov.pt\/results-of-the-news-search\/\" \/>\n<meta property=\"og:locale\" content=\"en_US\" \/>\n<meta property=\"og:type\" content=\"article\" \/>\n<meta property=\"og:title\" content=\"Results of the news search - Programa FAMI \u2013 Fundo para o Asilo, a Migra\u00e7\u00e3o e a Integra\u00e7\u00e3o\" \/>\n<meta property=\"og:url\" content=\"https:\/\/www.fami2030.gov.pt\/results-of-the-news-search\/\" \/>\n<meta property=\"og:site_name\" content=\"Programa FAMI \u2013 Fundo para o Asilo, a Migra\u00e7\u00e3o e a Integra\u00e7\u00e3o\" \/>\n<meta property=\"article:modified_time\" content=\"2023-02-07T13:06:22+00:00\" \/>\n<meta name=\"twitter:card\" content=\"summary_large_image\" \/>\n<script type=\"application\/ld+json\" class=\"yoast-schema-graph\">{\"@context\":\"https:\\\/\\\/schema.org\",\"@graph\":[{\"@type\":\"WebPage\",\"@id\":\"https:\\\/\\\/www.fami2030.gov.pt\\\/results-of-the-news-search\\\/\",\"url\":\"https:\\\/\\\/www.fami2030.gov.pt\\\/results-of-the-news-search\\\/\",\"name\":\"Results of the news search - Programa FAMI \u2013 Fundo para o Asilo, a Migra\u00e7\u00e3o e a Integra\u00e7\u00e3o\",\"isPartOf\":{\"@id\":\"https:\\\/\\\/www.fami2030.gov.pt\\\/#website\"},\"datePublished\":\"2023-02-07T12:06:22+00:00\",\"dateModified\":\"2023-02-07T13:06:22+00:00\",\"breadcrumb\":{\"@id\":\"https:\\\/\\\/www.fami2030.gov.pt\\\/results-of-the-news-search\\\/#breadcrumb\"},\"inLanguage\":\"en-US\",\"potentialAction\":[{\"@type\":\"ReadAction\",\"target\":[\"https:\\\/\\\/www.fami2030.gov.pt\\\/results-of-the-news-search\\\/\"]}]},{\"@type\":\"BreadcrumbList\",\"@id\":\"https:\\\/\\\/www.fami2030.gov.pt\\\/results-of-the-news-search\\\/#breadcrumb\",\"itemListElement\":[{\"@type\":\"ListItem\",\"position\":1,\"name\":\"In\u00edcio\",\"item\":\"https:\\\/\\\/www.fami2030.gov.pt\\\/en\\\/\"},{\"@type\":\"ListItem\",\"position\":2,\"name\":\"Results of the news search\"}]},{\"@type\":\"WebSite\",\"@id\":\"https:\\\/\\\/www.fami2030.gov.pt\\\/#website\",\"url\":\"https:\\\/\\\/www.fami2030.gov.pt\\\/\",\"name\":\"Programa FAMI \u2013 Fundo para o Asilo, a Migra\u00e7\u00e3o e a Integra\u00e7\u00e3o\",\"description\":\"\",\"potentialAction\":[{\"@type\":\"SearchAction\",\"target\":{\"@type\":\"EntryPoint\",\"urlTemplate\":\"https:\\\/\\\/www.fami2030.gov.pt\\\/?s={search_term_string}\"},\"query-input\":{\"@type\":\"PropertyValueSpecification\",\"valueRequired\":true,\"valueName\":\"search_term_string\"}}],\"inLanguage\":\"en-US\"}]}<\/script>\n<!-- \/ Yoast SEO plugin. -->","yoast_head_json":{"title":"Results of the news search - Programa FAMI \u2013 Fundo para o Asilo, a Migra\u00e7\u00e3o e a Integra\u00e7\u00e3o","robots":{"index":"index","follow":"follow","max-snippet":"max-snippet:-1","max-image-preview":"max-image-preview:large","max-video-preview":"max-video-preview:-1"},"canonical":"https:\/\/www.fami2030.gov.pt\/results-of-the-news-search\/","og_locale":"en_US","og_type":"article","og_title":"Results of the news search - Programa FAMI \u2013 Fundo para o Asilo, a Migra\u00e7\u00e3o e a Integra\u00e7\u00e3o","og_url":"https:\/\/www.fami2030.gov.pt\/results-of-the-news-search\/","og_site_name":"Programa FAMI \u2013 Fundo para o Asilo, a Migra\u00e7\u00e3o e a Integra\u00e7\u00e3o","article_modified_time":"2023-02-07T13:06:22+00:00","twitter_card":"summary_large_image","schema":{"@context":"https:\/\/schema.org","@graph":[{"@type":"WebPage","@id":"https:\/\/www.fami2030.gov.pt\/results-of-the-news-search\/","url":"https:\/\/www.fami2030.gov.pt\/results-of-the-news-search\/","name":"Results of the news search - Programa FAMI \u2013 Fundo para o Asilo, a Migra\u00e7\u00e3o e a Integra\u00e7\u00e3o","isPartOf":{"@id":"https:\/\/www.fami2030.gov.pt\/#website"},"datePublished":"2023-02-07T12:06:22+00:00","dateModified":"2023-02-07T13:06:22+00:00","breadcrumb":{"@id":"https:\/\/www.fami2030.gov.pt\/results-of-the-news-search\/#breadcrumb"},"inLanguage":"en-US","potentialAction":[{"@type":"ReadAction","target":["https:\/\/www.fami2030.gov.pt\/results-of-the-news-search\/"]}]},{"@type":"BreadcrumbList","@id":"https:\/\/www.fami2030.gov.pt\/results-of-the-news-search\/#breadcrumb","itemListElement":[{"@type":"ListItem","position":1,"name":"In\u00edcio","item":"https:\/\/www.fami2030.gov.pt\/en\/"},{"@type":"ListItem","position":2,"name":"Results of the news search"}]},{"@type":"WebSite","@id":"https:\/\/www.fami2030.gov.pt\/#website","url":"https:\/\/www.fami2030.gov.pt\/","name":"Programa FAMI \u2013 Fundo para o Asilo, a Migra\u00e7\u00e3o e a Integra\u00e7\u00e3o","description":"","potentialAction":[{"@type":"SearchAction","target":{"@type":"EntryPoint","urlTemplate":"https:\/\/www.fami2030.gov.pt\/?s={search_term_string}"},"query-input":{"@type":"PropertyValueSpecification","valueRequired":true,"valueName":"search_term_string"}}],"inLanguage":"en-US"}]}},"_links":{"self":[{"href":"https:\/\/www.fami2030.gov.pt\/en\/wp-json\/wp\/v2\/pages\/17997","targetHints":{"allow":["GET"]}}],"collection":[{"href":"https:\/\/www.fami2030.gov.pt\/en\/wp-json\/wp\/v2\/pages"}],"about":[{"href":"https:\/\/www.fami2030.gov.pt\/en\/wp-json\/wp\/v2\/types\/page"}],"author":[{"embeddable":true,"href":"https:\/\/www.fami2030.gov.pt\/en\/wp-json\/wp\/v2\/users\/1"}],"replies":[{"embeddable":true,"href":"https:\/\/www.fami2030.gov.pt\/en\/wp-json\/wp\/v2\/comments?post=17997"}],"version-history":[{"count":0,"href":"https:\/\/www.fami2030.gov.pt\/en\/wp-json\/wp\/v2\/pages\/17997\/revisions"}],"wp:attachment":[{"href":"https:\/\/www.fami2030.gov.pt\/en\/wp-json\/wp\/v2\/media?parent=17997"}],"curies":[{"name":"wp","href":"https:\/\/api.w.org\/{rel}","templated":true}]}}